{"id":1632,"date":"2016-10-18T09:54:53","date_gmt":"2016-10-18T09:54:53","guid":{"rendered":"http:\/\/eco-insider.com\/es\/lanzarote\/"},"modified":"2018-06-04T11:55:31","modified_gmt":"2018-06-04T11:55:31","slug":"lanzarote","status":"publish","type":"page","link":"https:\/\/eco-insider.com\/es\/lanzarote\/","title":{"rendered":"Lanzarote"},"content":{"rendered":"<p>[et_pb_section bb_built=\u00bb1&#8243; transparent_background=\u00bboff\u00bb allow_player_pause=\u00bboff\u00bb inner_shadow=\u00bboff\u00bb parallax=\u00bboff\u00bb parallax_method=\u00bboff\u00bb custom_padding=\u00bb0px|0px|0px|0px\u00bb padding_mobile=\u00bbon\u00bb make_fullwidth=\u00bboff\u00bb use_custom_width=\u00bboff\u00bb width_unit=\u00bbon\u00bb custom_width_px=\u00bb1080px\u00bb custom_width_percent=\u00bb80%\u00bb make_equal=\u00bboff\u00bb use_custom_gutter=\u00bboff\u00bb fullwidth=\u00bboff\u00bb specialty=\u00bboff\u00bb disabled=\u00bboff\u00bb custom_padding_tablet=\u00bb0px|0px|0px|0px\u00bb prev_background_color=\u00bb#000000&#8243; next_background_color=\u00bb#ffffff\u00bb][et_pb_row make_fullwidth=\u00bbon\u00bb use_custom_width=\u00bboff\u00bb width_unit=\u00bbon\u00bb custom_width_px=\u00bb1080px\u00bb custom_width_percent=\u00bb80%\u00bb use_custom_gutter=\u00bbon\u00bb gutter_width=\u00bb1&#8243; custom_padding=\u00bb0px|0px|0px|0px\u00bb padding_mobile=\u00bbon\u00bb allow_player_pause=\u00bboff\u00bb parallax=\u00bboff\u00bb parallax_method=\u00bboff\u00bb make_equal=\u00bboff\u00bb column_padding_mobile=\u00bbon\u00bb parallax_1=\u00bboff\u00bb parallax_method_1=\u00bboff\u00bb parallax_2=\u00bboff\u00bb parallax_method_2=\u00bboff\u00bb parallax_3=\u00bboff\u00bb parallax_method_3=\u00bboff\u00bb parallax_4=\u00bboff\u00bb parallax_method_4=\u00bboff\u00bb disabled=\u00bboff\u00bb background_position=\u00bbtop_left\u00bb background_repeat=\u00bbrepeat\u00bb background_size=\u00bbinitial\u00bb][et_pb_column type=\u00bb1_4&#8243;][et_pb_image src=\u00bbhttps:\/\/eco-insider.com\/wp-content\/uploads\/lanzarote1.jpg\u00bb alt=\u00bblanzarote\u00bb title_text=\u00bblanzarote\u00bb disabled_on=\u00bboff|off|off\u00bb use_border_color=\u00bboff\u00bb disabled=\u00bboff\u00bb _builder_version=\u00bb3.4.1&#8243; \/][\/et_pb_column][et_pb_column type=\u00bb1_4&#8243;][et_pb_image src=\u00bbhttps:\/\/eco-insider.com\/wp-content\/uploads\/lanzarote2.jpg\u00bb alt=\u00bblanzarote cabra\u00bb title_text=\u00bblanzarote cabra\u00bb use_border_color=\u00bboff\u00bb disabled=\u00bboff\u00bb _builder_version=\u00bb3.4.1&#8243; \/][\/et_pb_column][et_pb_column type=\u00bb1_4&#8243;][et_pb_image src=\u00bbhttps:\/\/eco-insider.com\/wp-content\/uploads\/lanzarote3.jpg\u00bb alt=\u00bbromeria lanzarote\u00bb title_text=\u00bbromeria lanzarote\u00bb use_border_color=\u00bboff\u00bb disabled=\u00bboff\u00bb _builder_version=\u00bb3.4.1&#8243; \/][\/et_pb_column][et_pb_column type=\u00bb1_4&#8243;][et_pb_image src=\u00bbhttps:\/\/eco-insider.com\/wp-content\/uploads\/lanzarote4.jpg\u00bb alt=\u00bbsalinas janubio lanzarote\u00bb title_text=\u00bbsalinas janubio lanzarote\u00bb use_border_color=\u00bboff\u00bb disabled=\u00bboff\u00bb _builder_version=\u00bb3.4.1&#8243; \/][\/et_pb_column][\/et_pb_row][\/et_pb_section][et_pb_section bb_built=\u00bb1&#8243; transparent_background=\u00bboff\u00bb allow_player_pause=\u00bboff\u00bb inner_shadow=\u00bboff\u00bb parallax=\u00bboff\u00bb parallax_method=\u00bboff\u00bb custom_padding=\u00bb0px|0px|0px|0px\u00bb padding_mobile=\u00bbon\u00bb make_fullwidth=\u00bboff\u00bb use_custom_width=\u00bboff\u00bb width_unit=\u00bbon\u00bb custom_width_px=\u00bb1080px\u00bb custom_width_percent=\u00bb80%\u00bb make_equal=\u00bboff\u00bb use_custom_gutter=\u00bboff\u00bb fullwidth=\u00bboff\u00bb specialty=\u00bboff\u00bb disabled=\u00bboff\u00bb custom_padding_tablet=\u00bb0px|0px|0px|0px\u00bb prev_background_color=\u00bb#ffffff\u00bb next_background_color=\u00bb#a1a166&#8243;][et_pb_row make_fullwidth=\u00bboff\u00bb use_custom_width=\u00bboff\u00bb width_unit=\u00bboff\u00bb custom_width_px=\u00bb1080px\u00bb custom_width_percent=\u00bb80%\u00bb use_custom_gutter=\u00bboff\u00bb gutter_width=\u00bb2&#8243; padding_mobile=\u00bboff\u00bb allow_player_pause=\u00bboff\u00bb parallax=\u00bboff\u00bb parallax_method=\u00bbon\u00bb make_equal=\u00bboff\u00bb column_padding_mobile=\u00bbon\u00bb parallax_1=\u00bboff\u00bb parallax_method_1=\u00bbon\u00bb parallax_2=\u00bboff\u00bb parallax_method_2=\u00bbon\u00bb parallax_3=\u00bboff\u00bb parallax_method_3=\u00bbon\u00bb parallax_4=\u00bboff\u00bb parallax_method_4=\u00bbon\u00bb disabled=\u00bboff\u00bb background_position=\u00bbtop_left\u00bb background_repeat=\u00bbrepeat\u00bb background_size=\u00bbinitial\u00bb][et_pb_column type=\u00bb4_4&#8243;][et_pb_text background_layout=\u00bblight\u00bb text_orientation=\u00bbleft\u00bb border_style=\u00bbsolid\u00bb custom_margin=\u00bb20px|||\u00bb disabled=\u00bboff\u00bb background_position=\u00bbtop_left\u00bb background_repeat=\u00bbrepeat\u00bb background_size=\u00bbinitial\u00bb _builder_version=\u00bb3.0.64&#8243;]<\/p>\n<h2><span style=\"color: #a1a166;\">Lanzarote isla m\u00e1gica<\/span><\/h2>\n<p>[\/et_pb_text][\/et_pb_column][\/et_pb_row][et_pb_row make_fullwidth=\u00bboff\u00bb use_custom_width=\u00bboff\u00bb width_unit=\u00bbon\u00bb custom_width_px=\u00bb1080px\u00bb custom_width_percent=\u00bb80%\u00bb use_custom_gutter=\u00bboff\u00bb gutter_width=\u00bb2&#8243; custom_padding=\u00bb30px||30px|\u00bb padding_mobile=\u00bboff\u00bb allow_player_pause=\u00bboff\u00bb parallax=\u00bboff\u00bb parallax_method=\u00bboff\u00bb make_equal=\u00bboff\u00bb column_padding_mobile=\u00bbon\u00bb parallax_1=\u00bboff\u00bb parallax_method_1=\u00bboff\u00bb parallax_2=\u00bboff\u00bb parallax_method_2=\u00bboff\u00bb parallax_3=\u00bboff\u00bb parallax_method_3=\u00bboff\u00bb parallax_4=\u00bboff\u00bb parallax_method_4=\u00bbon\u00bb disabled=\u00bboff\u00bb background_position=\u00bbtop_left\u00bb background_repeat=\u00bbrepeat\u00bb background_size=\u00bbinitial\u00bb][et_pb_column type=\u00bb1_3&#8243;][et_pb_text admin_label=\u00bblanzarote text\u00bb disabled=\u00bboff\u00bb background_position=\u00bbtop_left\u00bb background_repeat=\u00bbrepeat\u00bb background_size=\u00bbinitial\u00bb _builder_version=\u00bb3.4.1&#8243;]<\/p>\n<p>Lanzarote se mantiene fiel al t\u00edtulo que a menudo se le da a las Islas Canarias, \u00abIslas de la eterna primavera\u00bb.<\/p>\n<p>El clima subtropical, las temperaturas c\u00e1lidas durante todo el a\u00f1o y las bajas precipitaciones, hace que sea una isla des\u00e9rtica sin agua dulce. Hay dos atributos muy \u00fanicos que hacen que Lanzarote sea muy interesante para explorar:<\/p>\n<p>En primer lugar, la vida natural ha tenido que adaptarse al entorno a veces duro de la isla. En segundo lugar, las generaciones de personas han tenido que adaptarse por igual, para crear valores de supervivencia como ning\u00fan otro lugar en el mundo.<\/p>\n<p>[\/et_pb_text][\/et_pb_column][et_pb_column type=\u00bb1_3&#8243;][et_pb_text admin_label=\u00bbLanzarote text\u00bb disabled=\u00bboff\u00bb background_position=\u00bbtop_left\u00bb background_repeat=\u00bbrepeat\u00bb background_size=\u00bbinitial\u00bb _builder_version=\u00bb3.4.1&#8243;]<\/p>\n<p>Tradicionalmente la gente de Lanzarote ha visto a la isla de dos maneras muy diferentes. Algunos dir\u00e1n que a veces esta era la isla \u00abdesafortunada\u00bb.<\/p>\n<p>Hay una historia de hambre, erupciones volc\u00e1nicas y la comprensi\u00f3n de que la tierra era dif\u00edcil de mantener. Se hizo cada vez m\u00e1s dif\u00edcil para el pueblo de Lanzarote cultivar productos en un ambiente tan duro. La suerte volvi\u00f3 pronto.<\/p>\n<p>El turismo lleg\u00f3 y trajo consigo la oportunidad para que las nuevas generaciones florezcan y crezcan de una manera nueva.<\/p>\n<p>[\/et_pb_text][\/et_pb_column][et_pb_column type=\u00bb1_3&#8243;][et_pb_text admin_label=\u00bbLanzarote text\u00bb disabled=\u00bboff\u00bb background_position=\u00bbtop_left\u00bb background_repeat=\u00bbrepeat\u00bb background_size=\u00bbinitial\u00bb _builder_version=\u00bb3.4.1&#8243;]<\/p>\n<p>Es importante recordar que con el turismo viene el impacto al ambiente, tambi\u00e9n conocido como una huella de carbono. Esto es literalmente donde entramos, <a href=\"..\/about\/\">(lea m\u00e1s sobre esto en nuestra p\u00e1gina &#8216;sobre nosotros&#8217;).\u00a0<\/a><\/p>\n<p>\u00bfQu\u00e9 m\u00e1s hace que Lanzarote sea tan \u00fanico? El desierto del S\u00e1hara est\u00e1 a s\u00f3lo 127 km de esta isla canaria m\u00e1s oriental. Esta no es la \u00fanica raz\u00f3n para que\u00a0 existan diferentes microclimas.<\/p>\n<p>Otros factores incluyen la falta de monta\u00f1as altas, la corriente canaria que trae el agua m\u00e1s fr\u00eda del Atl\u00e1ntico, m\u00e1s los vientos alisios soplando constantemente desde el norte.<\/p>\n<p>[\/et_pb_text][\/et_pb_column][\/et_pb_row][\/et_pb_section][et_pb_section bb_built=\u00bb1&#8243; transparent_background=\u00bboff\u00bb background_color=\u00bb#a1a166&#8243; allow_player_pause=\u00bboff\u00bb inner_shadow=\u00bboff\u00bb parallax=\u00bboff\u00bb parallax_method=\u00bboff\u00bb custom_padding=\u00bb0px|0px|0px|0px\u00bb padding_mobile=\u00bbon\u00bb make_fullwidth=\u00bboff\u00bb use_custom_width=\u00bboff\u00bb width_unit=\u00bbon\u00bb custom_width_px=\u00bb1080px\u00bb custom_width_percent=\u00bb80%\u00bb make_equal=\u00bboff\u00bb use_custom_gutter=\u00bboff\u00bb fullwidth=\u00bboff\u00bb specialty=\u00bboff\u00bb custom_padding_last_edited=\u00bbon|desktop\u00bb disabled=\u00bboff\u00bb custom_padding_tablet=\u00bb0px|0px|0px|0px\u00bb prev_background_color=\u00bb#ffffff\u00bb next_background_color=\u00bb#ffffff\u00bb][et_pb_row make_fullwidth=\u00bboff\u00bb use_custom_width=\u00bboff\u00bb width_unit=\u00bbon\u00bb custom_width_px=\u00bb1080px\u00bb custom_width_percent=\u00bb80%\u00bb use_custom_gutter=\u00bbon\u00bb gutter_width=\u00bb1&#8243; custom_padding=\u00bb0px||0px|\u00bb padding_mobile=\u00bbon\u00bb allow_player_pause=\u00bboff\u00bb parallax=\u00bboff\u00bb parallax_method=\u00bboff\u00bb make_equal=\u00bboff\u00bb column_padding_mobile=\u00bbon\u00bb padding_bottom_2=\u00bb20px\u00bb parallax_1=\u00bboff\u00bb parallax_method_1=\u00bboff\u00bb parallax_2=\u00bboff\u00bb parallax_method_2=\u00bboff\u00bb parallax_3=\u00bboff\u00bb parallax_method_3=\u00bbon\u00bb parallax_4=\u00bboff\u00bb parallax_method_4=\u00bbon\u00bb disabled=\u00bboff\u00bb background_position=\u00bbtop_left\u00bb background_repeat=\u00bbrepeat\u00bb background_size=\u00bbinitial\u00bb][et_pb_column type=\u00bb4_4&#8243;][et_pb_text admin_label=\u00bbcall out txt\u00bb background_layout=\u00bbdark\u00bb text_orientation=\u00bbleft\u00bb use_border_color=\u00bboff\u00bb border_style=\u00bbsolid\u00bb custom_margin=\u00bb30px||30px|\u00bb disabled=\u00bboff\u00bb border_color=\u00bb#ffffff\u00bb background_position=\u00bbtop_left\u00bb background_repeat=\u00bbrepeat\u00bb background_size=\u00bbinitial\u00bb _builder_version=\u00bb3.0.64&#8243;]<\/p>\n<h3>El desierto de Sahara est\u00e1 a s\u00f3lo 127 km de distancia, pero esta no es la \u00fanica raz\u00f3n de la existencia de varios microclimas en la isla.<\/h3>\n<p>[\/et_pb_text][\/et_pb_column][\/et_pb_row][\/et_pb_section][et_pb_section bb_built=\u00bb1&#8243; transparent_background=\u00bboff\u00bb allow_player_pause=\u00bboff\u00bb inner_shadow=\u00bboff\u00bb parallax=\u00bboff\u00bb parallax_method=\u00bbon\u00bb padding_mobile=\u00bboff\u00bb make_fullwidth=\u00bboff\u00bb use_custom_width=\u00bboff\u00bb width_unit=\u00bboff\u00bb custom_width_px=\u00bb1080px\u00bb custom_width_percent=\u00bb80%\u00bb make_equal=\u00bboff\u00bb use_custom_gutter=\u00bboff\u00bb fullwidth=\u00bboff\u00bb specialty=\u00bboff\u00bb disabled=\u00bboff\u00bb custom_padding_tablet=\u00bb50px|0|50px|0&#8243; custom_padding_last_edited=\u00bbon|desktop\u00bb prev_background_color=\u00bb#a1a166&#8243; next_background_color=\u00bb#a1a166&#8243;][et_pb_row make_fullwidth=\u00bboff\u00bb use_custom_width=\u00bboff\u00bb width_unit=\u00bbon\u00bb custom_width_px=\u00bb1080px\u00bb custom_width_percent=\u00bb80%\u00bb use_custom_gutter=\u00bboff\u00bb gutter_width=\u00bb2&#8243; custom_padding=\u00bb20px||20px|\u00bb padding_mobile=\u00bboff\u00bb allow_player_pause=\u00bboff\u00bb parallax=\u00bboff\u00bb parallax_method=\u00bboff\u00bb make_equal=\u00bboff\u00bb column_padding_mobile=\u00bbon\u00bb parallax_1=\u00bboff\u00bb parallax_method_1=\u00bboff\u00bb parallax_2=\u00bboff\u00bb parallax_method_2=\u00bboff\u00bb parallax_3=\u00bboff\u00bb parallax_method_3=\u00bboff\u00bb parallax_4=\u00bboff\u00bb parallax_method_4=\u00bbon\u00bb disabled=\u00bboff\u00bb background_position=\u00bbtop_left\u00bb background_repeat=\u00bbrepeat\u00bb background_size=\u00bbinitial\u00bb][et_pb_column type=\u00bb1_3&#8243;][et_pb_text disabled=\u00bboff\u00bb background_position=\u00bbtop_left\u00bb background_repeat=\u00bbrepeat\u00bb background_size=\u00bbinitial\u00bb _builder_version=\u00bb3.4.1&#8243;]<\/p>\n<p>Lanzarote fue la primera isla en ser declarada Reserva de la Biosfera. El vino de Lanzarote, producido principalmente dentro de la regi\u00f3n vin\u00edcola de La Geria, tambi\u00e9n est\u00e1 protegido bajo el t\u00edtulo de Paisaje protegido por la UNESCO.<\/p>\n<p>El Geoparque de &#8216;Lanzarote y Archipi\u00e9lago Chinijo&#8217; abarca m\u00e1s de 2.500m2, incluyendo Lanzarote y las islas menores vecinas &#8211; La Graciosa, Alegranza, Monta\u00f1a Clara, Roque de Este y Roque del Oeste.<\/p>\n<p>Es f\u00e1cil entender por qu\u00e9 Lanzarote ha sido un excelente destino para una gran variedad de especies, la especie humana la ha disfrutado tur\u00edsticamente durante los \u00faltimos 35 a\u00f1os o m\u00e1s. Lo que a menudo se da por sentado, es que las diferentes especies de aves y vida marina que visitan Lanzarote tambi\u00e9n consideran la isla un destino importante.<\/p>\n<p>Muchas de estas especies han hecho de la isla un hogar permanente, mientras que otros simplemente migran por un tiempo corto cada a\u00f1o. Este tipo de especie han sido un visitante anual durante millones de a\u00f1os, y nuestro objetivo es asegurarse de que nuestra presencia humana no interfiere con el patr\u00f3n de vida de la naturaleza.<\/p>\n<p>[\/et_pb_text][\/et_pb_column][et_pb_column type=\u00bb1_3&#8243;][et_pb_text disabled=\u00bboff\u00bb background_position=\u00bbtop_left\u00bb background_repeat=\u00bbrepeat\u00bb background_size=\u00bbinitial\u00bb _builder_version=\u00bb3.4.1&#8243;]<\/p>\n<p>Alrededor del 50% del Geoparque ha sido declarado Reserva de la Biosfera por la UNESCO.<\/p>\n<p>Dentro de estas \u00e1reas protegidas podemos confiar en la protecci\u00f3n de una gran variedad de aves y mam\u00edferos.<\/p>\n<h4><span style=\"color: #a1a166;\">Descubre m\u00e1s<\/span><\/h4>\n<p>Lanzarote no se trata s\u00f3lo de grandes playas, puestas de sol incre\u00edbles y tapas al lado del mar. Aunque todos esos elementos son una parte maravillosa de cualquier d\u00eda de fiesta.<\/p>\n<p>El aspecto m\u00e1s grande de Lanzarote es la incre\u00edble profundidad y experiencia que se ofrecen. Tenemos la suerte de ser capaces de ver un dram\u00e1tico paisaje geol\u00f3gico, que ha sido conservado por las condiciones micro clim\u00e1ticas de la isla.<\/p>\n<p>Esto nos ofrece la capacidad de ver las cosas sin cambios durante muchos a\u00f1os, casi como una visi\u00f3n atr\u00e1s en el tiempo.<\/p>\n<p>[\/et_pb_text][\/et_pb_column][et_pb_column type=\u00bb1_3&#8243;][et_pb_text disabled=\u00bboff\u00bb background_position=\u00bbtop_left\u00bb background_repeat=\u00bbrepeat\u00bb background_size=\u00bbinitial\u00bb _builder_version=\u00bb3.4.1&#8243;]<\/p>\n<p>En la historia reciente Cesar Manrique a\u00f1adi\u00f3 sus toques a la isla tambi\u00e9n, definiendo los centros culturales de Lanzarote como algunas de las zonas de turismo m\u00e1s elegantes de toda Espa\u00f1a. Sin olvidar el majestuoso Parque Nacional Timanfaya que cubre m\u00e1s de 51km2 de la isla.<\/p>\n<p>La ventaja a\u00f1adida al explorar Lanzarote es que la gente local es muy amable. No hay bichitos da\u00f1inos. Todo est\u00e1 al alcance de las manos en una isla relativamente peque\u00f1a.<\/p>\n<p>Los pueblos de Lanzarote perfectamente mantenidos ofrecen una aut\u00e9ntica sensaci\u00f3n rara que ha sido cuidadosamente mantenida y preservada.<\/p>\n<p>Si usted est\u00e1 profundamente interesado en la geolog\u00eda, las artes, la vulcanolog\u00eda, la vida marina, la observaci\u00f3n de p\u00e1jaros, la gastronom\u00eda o la historia cultural. Lanzarote le da la bienvenida con los brazos abiertos.<\/p>\n<p>[\/et_pb_text][\/et_pb_column][\/et_pb_row][\/et_pb_section][et_pb_section bb_built=\u00bb1&#8243; transparent_background=\u00bboff\u00bb background_color=\u00bb#a1a166&#8243; allow_player_pause=\u00bboff\u00bb inner_shadow=\u00bboff\u00bb parallax=\u00bboff\u00bb parallax_method=\u00bboff\u00bb custom_padding=\u00bb0px|0px|0px|0px\u00bb padding_mobile=\u00bbon\u00bb make_fullwidth=\u00bboff\u00bb use_custom_width=\u00bboff\u00bb width_unit=\u00bbon\u00bb custom_width_px=\u00bb1080px\u00bb custom_width_percent=\u00bb80%\u00bb make_equal=\u00bboff\u00bb use_custom_gutter=\u00bboff\u00bb fullwidth=\u00bboff\u00bb specialty=\u00bboff\u00bb custom_padding_last_edited=\u00bbon|desktop\u00bb disabled=\u00bboff\u00bb custom_padding_tablet=\u00bb0px|0px|0px|0px\u00bb prev_background_color=\u00bb#ffffff\u00bb next_background_color=\u00bb#ffffff\u00bb][et_pb_row make_fullwidth=\u00bboff\u00bb use_custom_width=\u00bboff\u00bb width_unit=\u00bbon\u00bb custom_width_px=\u00bb1080px\u00bb custom_width_percent=\u00bb80%\u00bb use_custom_gutter=\u00bbon\u00bb gutter_width=\u00bb1&#8243; custom_padding=\u00bb0px||0px|\u00bb padding_mobile=\u00bbon\u00bb allow_player_pause=\u00bboff\u00bb parallax=\u00bboff\u00bb parallax_method=\u00bboff\u00bb make_equal=\u00bboff\u00bb column_padding_mobile=\u00bbon\u00bb padding_bottom_2=\u00bb20px\u00bb parallax_1=\u00bboff\u00bb parallax_method_1=\u00bboff\u00bb parallax_2=\u00bboff\u00bb parallax_method_2=\u00bboff\u00bb parallax_3=\u00bboff\u00bb parallax_method_3=\u00bbon\u00bb parallax_4=\u00bboff\u00bb parallax_method_4=\u00bbon\u00bb disabled=\u00bboff\u00bb background_position=\u00bbtop_left\u00bb background_repeat=\u00bbrepeat\u00bb background_size=\u00bbinitial\u00bb][et_pb_column type=\u00bb4_4&#8243;][et_pb_image src=\u00bbhttps:\/\/eco-insider.com\/wp-content\/uploads\/icons-white.png\u00bb alt=\u00bblanzarote\u00bb title_text=\u00bblanzarote\u00bb align=\u00bbcenter\u00bb use_border_color=\u00bboff\u00bb custom_margin=\u00bb20px|||\u00bb disabled=\u00bboff\u00bb animation_style=\u00bbfade\u00bb animation_duration=\u00bb500ms\u00bb animation_intensity_slide=\u00bb10%\u00bb _builder_version=\u00bb3.4.1&#8243; \/][et_pb_text admin_label=\u00bbcall out txt\u00bb background_layout=\u00bbdark\u00bb text_orientation=\u00bbcenter\u00bb use_border_color=\u00bboff\u00bb border_style=\u00bbsolid\u00bb custom_margin=\u00bb30px||30px|\u00bb disabled=\u00bboff\u00bb border_color=\u00bb#ffffff\u00bb background_position=\u00bbtop_left\u00bb background_repeat=\u00bbrepeat\u00bb background_size=\u00bbinitial\u00bb _builder_version=\u00bb3.0.64&#8243; module_alignment=\u00bbcenter\u00bb]<\/p>\n<h3>Lanzarote no son s\u00f3lo playas bonitas, puestas de sol maravillosas y buen vino.<\/h3>\n<p>[\/et_pb_text][\/et_pb_column][\/et_pb_row][\/et_pb_section][et_pb_section bb_built=\u00bb1&#8243; transparent_background=\u00bboff\u00bb allow_player_pause=\u00bboff\u00bb inner_shadow=\u00bboff\u00bb parallax=\u00bboff\u00bb parallax_method=\u00bboff\u00bb padding_mobile=\u00bboff\u00bb make_fullwidth=\u00bboff\u00bb use_custom_width=\u00bboff\u00bb width_unit=\u00bbon\u00bb custom_width_px=\u00bb1080px\u00bb custom_width_percent=\u00bb80%\u00bb make_equal=\u00bboff\u00bb use_custom_gutter=\u00bboff\u00bb fullwidth=\u00bboff\u00bb specialty=\u00bboff\u00bb module_id=\u00bbreviews\u00bb disabled=\u00bboff\u00bb custom_padding_tablet=\u00bb50px|0|50px|0&#8243; custom_padding_last_edited=\u00bbon|desktop\u00bb prev_background_color=\u00bb#a1a166&#8243; next_background_color=\u00bb#000000&#8243;][et_pb_row make_fullwidth=\u00bboff\u00bb use_custom_width=\u00bboff\u00bb width_unit=\u00bboff\u00bb custom_width_px=\u00bb1080px\u00bb custom_width_percent=\u00bb80%\u00bb use_custom_gutter=\u00bboff\u00bb gutter_width=\u00bb2&#8243; padding_mobile=\u00bboff\u00bb allow_player_pause=\u00bboff\u00bb parallax=\u00bboff\u00bb parallax_method=\u00bbon\u00bb make_equal=\u00bboff\u00bb column_padding_mobile=\u00bbon\u00bb parallax_1=\u00bboff\u00bb parallax_method_1=\u00bbon\u00bb parallax_2=\u00bboff\u00bb parallax_method_2=\u00bbon\u00bb parallax_3=\u00bboff\u00bb parallax_method_3=\u00bbon\u00bb parallax_4=\u00bboff\u00bb parallax_method_4=\u00bbon\u00bb disabled=\u00bboff\u00bb background_position=\u00bbtop_left\u00bb background_repeat=\u00bbrepeat\u00bb background_size=\u00bbinitial\u00bb][et_pb_column type=\u00bb1_3&#8243;][et_pb_sidebar admin_label=\u00bbtripadvisor widget\u00bb orientation=\u00bbleft\u00bb area=\u00bbet_pb_widget_area_2&#8243; background_layout=\u00bblight\u00bb disabled=\u00bboff\u00bb show_border=\u00bbon\u00bb \/][\/et_pb_column][et_pb_column type=\u00bb2_3&#8243;][et_pb_text admin_label=\u00bbother tours text\u00bb background_layout=\u00bblight\u00bb text_orientation=\u00bbleft\u00bb use_border_color=\u00bboff\u00bb border_style=\u00bbsolid\u00bb custom_margin=\u00bb20px|||\u00bb disabled=\u00bboff\u00bb border_color=\u00bb#ffffff\u00bb background_position=\u00bbtop_left\u00bb background_repeat=\u00bbrepeat\u00bb background_size=\u00bbinitial\u00bb _builder_version=\u00bb3.0.64&#8243;]<\/p>\n<h5>Otras excursiones que te puedan gustar\u2026<\/h5>\n<p>[\/et_pb_text][et_pb_portfolio admin_label=\u00bbother products\u00bb fullwidth=\u00bboff\u00bb posts_number=\u00bb2&#8243; include_categories=\u00bb39,74&#8243; show_title=\u00bbon\u00bb show_categories=\u00bboff\u00bb show_pagination=\u00bboff\u00bb background_layout=\u00bblight\u00bb use_border_color=\u00bboff\u00bb border_color=\u00bb#ffffff\u00bb border_width=\u00bb1px\u00bb border_style=\u00bbsolid\u00bb disabled=\u00bboff\u00bb background_position=\u00bbtop_left\u00bb background_repeat=\u00bbrepeat\u00bb background_size=\u00bbinitial\u00bb \/][\/et_pb_column][\/et_pb_row][\/et_pb_section]<\/p>\n","protected":false},"excerpt":{"rendered":"<p>Lanzarote isla m\u00e1gica Lanzarote se mantiene fiel al t\u00edtulo que a menudo se le da a las Islas Canarias, \u00abIslas de la eterna primavera\u00bb. El clima subtropical, las temperaturas c\u00e1lidas durante todo el a\u00f1o y las bajas precipitaciones, hace que sea una isla des\u00e9rtica sin agua dulce. Hay dos atributos muy \u00fanicos que hacen que [&hellip;]<\/p>\n","protected":false},"author":4,"featured_media":0,"parent":0,"menu_order":0,"comment_status":"closed","ping_status":"closed","template":"","meta":{"_et_pb_use_builder":"on","_et_pb_old_content":"","_et_gb_content_width":"","footnotes":""},"class_list":["post-1632","page","type-page","status-publish","hentry"],"_links":{"self":[{"href":"https:\/\/eco-insider.com\/es\/wp-json\/wp\/v2\/pages\/1632","targetHints":{"allow":["GET"]}}],"collection":[{"href":"https:\/\/eco-insider.com\/es\/wp-json\/wp\/v2\/pages"}],"about":[{"href":"https:\/\/eco-insider.com\/es\/wp-json\/wp\/v2\/types\/page"}],"author":[{"embeddable":true,"href":"https:\/\/eco-insider.com\/es\/wp-json\/wp\/v2\/users\/4"}],"replies":[{"embeddable":true,"href":"https:\/\/eco-insider.com\/es\/wp-json\/wp\/v2\/comments?post=1632"}],"version-history":[{"count":0,"href":"https:\/\/eco-insider.com\/es\/wp-json\/wp\/v2\/pages\/1632\/revisions"}],"wp:attachment":[{"href":"https:\/\/eco-insider.com\/es\/wp-json\/wp\/v2\/media?parent=1632"}],"curies":[{"name":"wp","href":"https:\/\/api.w.org\/{rel}","templated":true}]}}