{"id":1955,"date":"2016-10-18T14:05:25","date_gmt":"2016-10-18T14:05:25","guid":{"rendered":"https:\/\/eco-insider.com\/faq\/"},"modified":"2018-06-04T11:10:50","modified_gmt":"2018-06-04T11:10:50","slug":"faq","status":"publish","type":"page","link":"https:\/\/eco-insider.com\/es\/faq\/","title":{"rendered":"Preguntas frequentes"},"content":{"rendered":"<p>[et_pb_section bb_built=\u00bb1&#8243; fullwidth=\u00bboff\u00bb specialty=\u00bboff\u00bb transparent_background=\u00bboff\u00bb allow_player_pause=\u00bboff\u00bb inner_shadow=\u00bboff\u00bb parallax=\u00bboff\u00bb parallax_method=\u00bboff\u00bb custom_padding=\u00bb0px|0px|0px|0px\u00bb padding_mobile=\u00bbon\u00bb make_fullwidth=\u00bboff\u00bb use_custom_width=\u00bboff\u00bb width_unit=\u00bbon\u00bb make_equal=\u00bboff\u00bb use_custom_gutter=\u00bboff\u00bb custom_padding_tablet=\u00bb0px|0px|0px|0px\u00bb prev_background_color=\u00bb#000000&#8243; next_background_color=\u00bb#ffffff\u00bb][et_pb_row make_fullwidth=\u00bbon\u00bb use_custom_width=\u00bboff\u00bb width_unit=\u00bbon\u00bb use_custom_gutter=\u00bbon\u00bb gutter_width=\u00bb1&#8243; padding_mobile=\u00bbon\u00bb allow_player_pause=\u00bboff\u00bb parallax=\u00bboff\u00bb parallax_method=\u00bboff\u00bb make_equal=\u00bboff\u00bb parallax_1=\u00bboff\u00bb parallax_method_1=\u00bboff\u00bb parallax_2=\u00bboff\u00bb parallax_method_2=\u00bboff\u00bb parallax_3=\u00bboff\u00bb parallax_method_3=\u00bboff\u00bb parallax_4=\u00bboff\u00bb parallax_method_4=\u00bboff\u00bb column_padding_mobile=\u00bbon\u00bb custom_padding=\u00bb0px|0px|0px|0px\u00bb background_position=\u00bbtop_left\u00bb background_repeat=\u00bbrepeat\u00bb background_size=\u00bbinitial\u00bb][et_pb_column type=\u00bb1_4&#8243;][et_pb_image src=\u00bbhttps:\/\/eco-insider.com\/wp-content\/uploads\/eco-lanzarote1.jpg\u00bb use_border_color=\u00bboff\u00bb alt=\u00bbecoturismo\u00bb title_text=\u00bbecoturismo\u00bb disabled=\u00bboff\u00bb disabled_on=\u00bbon|off|off\u00bb _builder_version=\u00bb3.4.1&#8243; \/][\/et_pb_column][et_pb_column type=\u00bb1_4&#8243;][et_pb_image src=\u00bbhttps:\/\/eco-insider.com\/wp-content\/uploads\/eco-lanzarote4.jpg\u00bb use_border_color=\u00bboff\u00bb alt=\u00bbecoturismo\u00bb title_text=\u00bbecoturismo\u00bb _builder_version=\u00bb3.4.1&#8243; \/][\/et_pb_column][et_pb_column type=\u00bb1_4&#8243;][et_pb_image src=\u00bbhttps:\/\/eco-insider.com\/wp-content\/uploads\/eco-lanzarote3.jpg\u00bb use_border_color=\u00bboff\u00bb alt=\u00bbecoturismo\u00bb title_text=\u00bbecoturismo\u00bb disabled=\u00bboff\u00bb disabled_on=\u00bbon||\u00bb _builder_version=\u00bb3.4.1&#8243; \/][\/et_pb_column][et_pb_column type=\u00bb1_4&#8243;][et_pb_image src=\u00bbhttps:\/\/eco-insider.com\/wp-content\/uploads\/eco-lanzarote2.jpg\u00bb use_border_color=\u00bboff\u00bb alt=\u00bbecoturismo\u00bb title_text=\u00bbecoturismo\u00bb disabled=\u00bboff\u00bb disabled_on=\u00bbon||\u00bb _builder_version=\u00bb3.4.1&#8243; \/][\/et_pb_column][\/et_pb_row][\/et_pb_section][et_pb_section bb_built=\u00bb1&#8243; fullwidth=\u00bboff\u00bb specialty=\u00bboff\u00bb transparent_background=\u00bboff\u00bb allow_player_pause=\u00bboff\u00bb inner_shadow=\u00bboff\u00bb parallax=\u00bboff\u00bb parallax_method=\u00bboff\u00bb custom_padding=\u00bb0px|0px|0px|0px\u00bb padding_mobile=\u00bbon\u00bb make_fullwidth=\u00bboff\u00bb use_custom_width=\u00bboff\u00bb width_unit=\u00bbon\u00bb make_equal=\u00bboff\u00bb use_custom_gutter=\u00bboff\u00bb custom_padding_tablet=\u00bb0px|0px|0px|0px\u00bb prev_background_color=\u00bb#ffffff\u00bb next_background_color=\u00bb#4a402e\u00bb][et_pb_row background_position=\u00bbtop_left\u00bb background_repeat=\u00bbrepeat\u00bb background_size=\u00bbinitial\u00bb][et_pb_column type=\u00bb4_4&#8243;][et_pb_text background_layout=\u00bblight\u00bb text_orientation=\u00bbleft\u00bb border_style=\u00bbsolid\u00bb custom_margin=\u00bb20px|||\u00bb background_position=\u00bbtop_left\u00bb background_repeat=\u00bbrepeat\u00bb background_size=\u00bbinitial\u00bb _builder_version=\u00bb3.0.64&#8243;]<\/p>\n<h2><span style=\"color: #4a402e;\">PREGUNTAS FRECUENTES<\/span><\/h2>\n<hr \/>\n<p>&nbsp;<\/p>\n<p>[\/et_pb_text][\/et_pb_column][\/et_pb_row][et_pb_row background_position=\u00bbtop_left\u00bb background_repeat=\u00bbrepeat\u00bb background_size=\u00bbinitial\u00bb][et_pb_column type=\u00bb1_2&#8243;][et_pb_text background_position=\u00bbtop_left\u00bb background_repeat=\u00bbrepeat\u00bb background_size=\u00bbinitial\u00bb _builder_version=\u00bb3.4.1&#8243;]<\/p>\n<h4><span style=\"color: #a1a165;\">Preguntas frecuentes &#8211; Excursiones ecoturismo<br \/>\n<\/span><\/h4>\n<p>[\/et_pb_text][et_pb_accordion admin_label=\u00bbAccordion &#8211; FAQ\u00bb border_style=\u00bbsolid\u00bb closed_toggle_background_color=\u00bbrgba(161,161,102,0.63)\u00bb closed_toggle_text_color=\u00bb#000000&#8243; _builder_version=\u00bb3.0.64&#8243;][et_pb_accordion_item title=\u00bb\u00bfC\u00f3mo reservar? \u00ab]<\/p>\n<p>Rellene el formulario a trav\u00e9s de nuestra p\u00e1gina <a href=\"\/?page_id=1625\">C\u00f3mo reservar<\/a>. Por lo general, le responderemos dentro de 6-8 horas.<\/p>\n<p>[\/et_pb_accordion_item][et_pb_accordion_item title=\u00bb\u00bfC\u00f3mo pago?\u00bb]<\/p>\n<p>Pagar en efectivo directamente a su gu\u00eda antes de que comience el tour.<\/p>\n<p>[\/et_pb_accordion_item][et_pb_accordion_item title=\u00bb\u00bfPuede proporcionar picnics vegetarianos, sin gluten, veganos?\u00bb]<\/p>\n<p>\u00a1Si podemos! Por favor incluya esto como una nota especial cuando rellene el formulario de reserva.<\/p>\n<p>[\/et_pb_accordion_item][et_pb_accordion_item title=\u00bb\u00bfOfrecen descuentos para ni\u00f1os?\u00bb]<\/p>\n<p>Descuentos para ni\u00f1os s\u00f3lo se aplican a las excursiones en barco. Geo Tours y paseos no poseen este descuento. Le recomendamos que mencione las edades de los ni\u00f1os cuando rellene el formulario de reserva.<\/p>\n<p>[\/et_pb_accordion_item][et_pb_accordion_item title=\u00bb\u00bfEst\u00e1n asegurados los viajes?\u00bb]<\/p>\n<p>S\u00ed, tenemos la licencia completa junto con el seguro de responsabilidad civil.<\/p>\n<p>[\/et_pb_accordion_item][et_pb_accordion_item title=\u00bb\u00bfEst\u00e1n incluidas en el precio las transferencias a donde se realizan los tours o actividades?\u00bb]<\/p>\n<p>Generalmente s\u00ed. Ocasionalmente puede haber una nota especial a esto. Aconsejaremos siempre leer los detalles especiales por adelantado.<\/p>\n<p>[\/et_pb_accordion_item][et_pb_accordion_item title=\u00bbEstoy esperando en el punto de encuentro o el hotel y mi anfitri\u00f3n de transferencia no ha llegado todav\u00eda. \u00bfQu\u00e9 debo hacer?\u00bb]<\/p>\n<p>Espere al menos 10-15 minutos despu\u00e9s de la hora de recogida mostrada en su correo electr\u00f3nico de confirmaci\u00f3n. Si despu\u00e9s de ese tiempo no ha sido recogido, por favor ll\u00e1menos al 00 34 650 819 069<\/p>\n<p>[\/et_pb_accordion_item][et_pb_accordion_item title=\u00bb\u00bfNecesito llevar mi documentaci\u00f3n personal al tour o actividad?\u00bb]<\/p>\n<p>Generalmente no necesita llevar su documentaci\u00f3n personal al tour o actividad, a menos que se mencione en la descripci\u00f3n o se aconseje por correo electr\u00f3nico.<\/p>\n<p>[\/et_pb_accordion_item][et_pb_accordion_item title=\u00bb\u00bfQu\u00e9 necesito llevar conmigo el d\u00eda del tour?\u00bb]<\/p>\n<p>Cada descripci\u00f3n de la excursi\u00f3n tiene algunas indicaciones pr\u00e1cticas sobre que traer. Siempre aconsejamos protecci\u00f3n contra el sol y la lluvia. \u00a1Si la lluvia es rara pero no es imposible! Lanzarote puede ser extremadamente ventoso tambi\u00e9n, por lo que mantenerse fr\u00edo o caliente, dependiendo de la \u00e9poca del a\u00f1o, siempre dar\u00e1 paso a un viaje m\u00e1s c\u00f3modo. Zapatos y agua potable extra se recomienda para cualquier viaje. Para m\u00e1s informaci\u00f3n, lea atentamente la p\u00e1gina de descripci\u00f3n de su tour.<\/p>\n<p>[\/et_pb_accordion_item][\/et_pb_accordion][\/et_pb_column][et_pb_column type=\u00bb1_2&#8243;][et_pb_text background_layout=\u00bblight\u00bb text_orientation=\u00bbleft\u00bb border_style=\u00bbsolid\u00bb background_position=\u00bbtop_left\u00bb background_repeat=\u00bbrepeat\u00bb background_size=\u00bbinitial\u00bb _builder_version=\u00bb3.0.64&#8243;]<\/p>\n<h4><span style=\"color: #a1a165;\">Preguntas frecuentes &#8211; Lanzarote<\/span><\/h4>\n<p>[\/et_pb_text][et_pb_accordion border_style=\u00bbsolid\u00bb closed_toggle_background_color=\u00bbrgba(74,64,46,0.64)\u00bb closed_toggle_text_color=\u00bb#000000&#8243; _builder_version=\u00bb3.0.64&#8243;][et_pb_accordion_item title=\u00bb\u00bfQu\u00e9 te hace una empresa sostenible?\u00bb]<\/p>\n<p>S\u00f3lo ejecutamos tours para peque\u00f1os grupos \u00edntimos. Esto significa que podemos visitar peque\u00f1as empresas locales, cooperando con la comunidad local y, en la medida de lo posible, promoviendo productos org\u00e1nicos. Mantenerlo local en todos los sentidos posibles es nuestro principal objetivo.<\/p>\n<p>[\/et_pb_accordion_item][et_pb_accordion_item title=\u00bb\u00bfEst\u00e1 involucrado en alg\u00fan proyecto de conservaci\u00f3n local?\u00bb]<\/p>\n<p>S\u00ed, estamos muy orgullosos de estar involucrados en el programa de conservaci\u00f3n ambiental Dessert Watch que est\u00e1 ah\u00ed para promover la conservaci\u00f3n y protecci\u00f3n de la avifauna local en Lanzarote.<\/p>\n<p>[\/et_pb_accordion_item][et_pb_accordion_item title=\u00bb\u00bfCu\u00e1ndo se espera que ocurra la pr\u00f3xima erupci\u00f3n volc\u00e1nica?\u00bb]<\/p>\n<p>Por lo que sabemos, no pronto. Aunque los volcanes est\u00e1n inactivos en este momento, todo el Archipi\u00e9lago Canario se considera volc\u00e1nicamente activo, las placas debajo de la tierra todav\u00eda est\u00e1n vivas, pero existe un seguimiento constante y permanente, donde no hay evidencias de ninguna actividad an\u00f3mala reciente para Lanzarote.<\/p>\n<p>[\/et_pb_accordion_item][et_pb_accordion_item title=\u00bb\u00bfHay alguna serpiente o escorpi\u00f3n peligroso en Lanzarote?\u00bb]<\/p>\n<p>No, aqu\u00ed no tenemos serpientes ni escorpiones. La \u00fanica cosa que siempre se les indica a nuestros hu\u00e9spedes, es que nunca deben comer plantas silvestres. Hay muchas plantas y bayas t\u00f3xicas aqu\u00ed en Lanzarote.<\/p>\n<p>[\/et_pb_accordion_item][et_pb_accordion_item title=\u00bb\u00bfPuedo beber agua del grifo?\u00bb]<\/p>\n<p>No es recomendable beber agua directamente de un grifo. Est\u00e1 bien hervir el agua y el uso para cocinar, pero el agua de botella se recomienda para beber.<\/p>\n<p>[\/et_pb_accordion_item][et_pb_accordion_item title=\u00bb\u00bfHay alguna forma de energ\u00eda alternativa en Lanzarote?\u00bb]<\/p>\n<p>El Parque E\u00f3lico en Los Valles (cerca de Teguise) fue construido en 1991 por E\u00f3lica de Lanzarote S.A. Esta empresa fue creada por Inalsa que instal\u00f3 las turbinas para suministrar energ\u00eda a su desaladora en la costa entre Costa Teguise y Arrecife. Este parque e\u00f3lico produce 7,65 MW \/ h. Recientemente han instalado otras dos grandes turbinas directamente afuera de la planta de agua de Canal Gesti\u00f3n. Aena instal\u00f3 el otro parque e\u00f3lico en Monta\u00f1a Mina en las colinas detr\u00e1s del aeropuerto en 2004, como fuente de energ\u00eda alternativa para cubrir los requerimientos del Aeropuerto de Arrecife y como parte de su pol\u00edtica de reducci\u00f3n de emisiones y protecci\u00f3n del medio ambiente.<\/p>\n<p>[\/et_pb_accordion_item][\/et_pb_accordion][\/et_pb_column][\/et_pb_row][\/et_pb_section][et_pb_section bb_built=\u00bb1&#8243; fullwidth=\u00bboff\u00bb specialty=\u00bboff\u00bb transparent_background=\u00bboff\u00bb background_color=\u00bb#4a402e\u00bb allow_player_pause=\u00bboff\u00bb inner_shadow=\u00bboff\u00bb parallax=\u00bboff\u00bb parallax_method=\u00bboff\u00bb padding_mobile=\u00bbon\u00bb make_fullwidth=\u00bboff\u00bb use_custom_width=\u00bboff\u00bb width_unit=\u00bbon\u00bb make_equal=\u00bboff\u00bb use_custom_gutter=\u00bboff\u00bb custom_padding=\u00bb0px|0px|0px|0px\u00bb custom_padding_last_edited=\u00bbon|desktop\u00bb custom_padding_tablet=\u00bb0px|0px|0px|0px\u00bb prev_background_color=\u00bb#ffffff\u00bb next_background_color=\u00bb#ffffff\u00bb][et_pb_row make_fullwidth=\u00bboff\u00bb use_custom_width=\u00bboff\u00bb width_unit=\u00bbon\u00bb use_custom_gutter=\u00bbon\u00bb custom_padding=\u00bb0px||0px|\u00bb padding_mobile=\u00bbon\u00bb allow_player_pause=\u00bboff\u00bb parallax=\u00bboff\u00bb parallax_method=\u00bboff\u00bb make_equal=\u00bboff\u00bb parallax_1=\u00bboff\u00bb parallax_method_1=\u00bboff\u00bb parallax_2=\u00bboff\u00bb parallax_method_2=\u00bboff\u00bb column_padding_mobile=\u00bbon\u00bb gutter_width=\u00bb1&#8243; padding_bottom_2=\u00bb20px\u00bb background_position=\u00bbtop_left\u00bb background_repeat=\u00bbrepeat\u00bb background_size=\u00bbinitial\u00bb][et_pb_column type=\u00bb4_4&#8243;][et_pb_text admin_label=\u00bbcall out txt\u00bb background_layout=\u00bbdark\u00bb text_orientation=\u00bbleft\u00bb border_style=\u00bbsolid\u00bb custom_margin=\u00bb30px||30px|\u00bb background_position=\u00bbtop_left\u00bb background_repeat=\u00bbrepeat\u00bb background_size=\u00bbinitial\u00bb _builder_version=\u00bb3.0.64&#8243;]<\/p>\n<h4><span style=\"color: #ffffff;\"><a style=\"color: #ffffff;\" href=\"mailto:info@eco-insider.com\">Estamos aqu\u00ed para responder a sus preguntas. Simplemente cont\u00e1ctenos.<\/a><\/span><\/h4>\n<p>[\/et_pb_text][\/et_pb_column][\/et_pb_row][\/et_pb_section][et_pb_section bb_built=\u00bb1&#8243; fullwidth=\u00bboff\u00bb specialty=\u00bboff\u00bb transparent_background=\u00bboff\u00bb allow_player_pause=\u00bboff\u00bb inner_shadow=\u00bboff\u00bb parallax=\u00bboff\u00bb parallax_method=\u00bboff\u00bb padding_mobile=\u00bboff\u00bb make_fullwidth=\u00bboff\u00bb use_custom_width=\u00bboff\u00bb width_unit=\u00bbon\u00bb make_equal=\u00bboff\u00bb use_custom_gutter=\u00bboff\u00bb module_id=\u00bbreviews\u00bb custom_padding_tablet=\u00bb50px|0|50px|0&#8243; custom_padding_last_edited=\u00bbon|desktop\u00bb prev_background_color=\u00bb#4a402e\u00bb next_background_color=\u00bb#000000&#8243;][et_pb_row background_position=\u00bbtop_left\u00bb background_repeat=\u00bbrepeat\u00bb background_size=\u00bbinitial\u00bb][et_pb_column type=\u00bb1_3&#8243;][et_pb_sidebar admin_label=\u00bbtripadvisor widget\u00bb orientation=\u00bbleft\u00bb area=\u00bbet_pb_widget_area_2&#8243; background_layout=\u00bblight\u00bb remove_border=\u00bboff\u00bb show_border=\u00bbon\u00bb \/][\/et_pb_column][et_pb_column type=\u00bb2_3&#8243;][et_pb_text admin_label=\u00bbother tours text\u00bb background_layout=\u00bblight\u00bb text_orientation=\u00bbleft\u00bb border_style=\u00bbsolid\u00bb custom_margin=\u00bb20px|||\u00bb background_position=\u00bbtop_left\u00bb background_repeat=\u00bbrepeat\u00bb background_size=\u00bbinitial\u00bb _builder_version=\u00bb3.0.64&#8243;]<\/p>\n<h5>Otras excursiones que podr\u00edan interesarte\u2026<\/h5>\n<p>[\/et_pb_text][et_pb_portfolio admin_label=\u00bbother products\u00bb fullwidth=\u00bboff\u00bb posts_number=\u00bb2&#8243; show_title=\u00bbon\u00bb show_categories=\u00bboff\u00bb show_pagination=\u00bboff\u00bb background_layout=\u00bblight\u00bb hover_overlay_color=\u00bbrgba(255,255,255,0.9)\u00bb use_border_color=\u00bboff\u00bb border_color=\u00bb#ffffff\u00bb border_style=\u00bbsolid\u00bb include_categories=\u00bb39,74&#8243; background_position=\u00bbtop_left\u00bb background_repeat=\u00bbrepeat\u00bb background_size=\u00bbinitial\u00bb \/][\/et_pb_column][\/et_pb_row][\/et_pb_section]<\/p>\n","protected":false},"excerpt":{"rendered":"<p>PREGUNTAS FRECUENTES &nbsp; Preguntas frecuentes &#8211; Excursiones ecoturismo Rellene el formulario a trav\u00e9s de nuestra p\u00e1gina C\u00f3mo reservar. Por lo general, le responderemos dentro de 6-8 horas. Pagar en efectivo directamente a su gu\u00eda antes de que comience el tour. \u00a1Si podemos! Por favor incluya esto como una nota especial cuando rellene el formulario de [&hellip;]<\/p>\n","protected":false},"author":4,"featured_media":0,"parent":0,"menu_order":0,"comment_status":"closed","ping_status":"closed","template":"","meta":{"_et_pb_use_builder":"on","_et_pb_old_content":"","_et_gb_content_width":"","footnotes":""},"class_list":["post-1955","page","type-page","status-publish","hentry"],"_links":{"self":[{"href":"https:\/\/eco-insider.com\/es\/wp-json\/wp\/v2\/pages\/1955","targetHints":{"allow":["GET"]}}],"collection":[{"href":"https:\/\/eco-insider.com\/es\/wp-json\/wp\/v2\/pages"}],"about":[{"href":"https:\/\/eco-insider.com\/es\/wp-json\/wp\/v2\/types\/page"}],"author":[{"embeddable":true,"href":"https:\/\/eco-insider.com\/es\/wp-json\/wp\/v2\/users\/4"}],"replies":[{"embeddable":true,"href":"https:\/\/eco-insider.com\/es\/wp-json\/wp\/v2\/comments?post=1955"}],"version-history":[{"count":0,"href":"https:\/\/eco-insider.com\/es\/wp-json\/wp\/v2\/pages\/1955\/revisions"}],"wp:attachment":[{"href":"https:\/\/eco-insider.com\/es\/wp-json\/wp\/v2\/media?parent=1955"}],"curies":[{"name":"wp","href":"https:\/\/api.w.org\/{rel}","templated":true}]}}